{"id":7781,"date":"2025-05-16T10:37:42","date_gmt":"2025-05-16T08:37:42","guid":{"rendered":"https:\/\/www.nuwacom.ai\/newsletter\/"},"modified":"2025-11-05T16:28:26","modified_gmt":"2025-11-05T15:28:26","slug":"newsletter","status":"publish","type":"page","link":"https:\/\/www.nuwacom.ai\/de\/newsletter\/","title":{"rendered":"Newsletter"},"content":{"rendered":"<p>[et_pb_section fb_built=&#8220;1&#8243; custom_padding_last_edited=&#8220;on|phone&#8220; _builder_version=&#8220;4.27.4&#8243; _module_preset=&#8220;default&#8220; background_image=&#8220;\/wp-content\/uploads\/2025\/05\/Organic_tangelo.png&#8220; background_size=&#8220;custom&#8220; background_image_width=&#8220;40%&#8220; background_position=&#8220;bottom_right&#8220; custom_padding=&#8220;0px|0px|120px||false|false&#8220; custom_padding_tablet=&#8220;24px||24px||true|false&#8220; custom_padding_phone=&#8220;50px||30px||false|false&#8220; locked=&#8220;off&#8220; global_colors_info=&#8220;{}&#8220;][et_pb_row column_structure=&#8220;1_2,1_2&#8243; use_custom_gutter=&#8220;on&#8220; gutter_width=&#8220;4&#8243; make_equal=&#8220;on&#8220; custom_padding_last_edited=&#8220;on|phone&#8220; _builder_version=&#8220;4.27.4&#8243; _module_preset=&#8220;default&#8220; width_tablet=&#8220;&#8220; width_phone=&#8220;90%&#8220; width_last_edited=&#8220;on|phone&#8220; max_width=&#8220;1600px&#8220; custom_margin=&#8220;|auto|40px|auto|false|false&#8220; custom_margin_tablet=&#8220;|auto|0px|auto|false|false&#8220; custom_margin_phone=&#8220;|auto|0px|auto|false|false&#8220; custom_margin_last_edited=&#8220;on|phone&#8220; custom_padding_tablet=&#8220;&#8220; custom_padding_phone=&#8220;0px||||false|false&#8220; custom_css_main_element=&#8220;align-items:center;&#8220; locked=&#8220;off&#8220; global_colors_info=&#8220;{}&#8220;][et_pb_column type=&#8220;1_2&#8243; module_class=&#8220;side-by-side&#8220; _builder_version=&#8220;4.27.4&#8243; _module_preset=&#8220;default&#8220; global_colors_info=&#8220;{}&#8220;][et_pb_text _builder_version=&#8220;4.27.4&#8243; _module_preset=&#8220;default&#8220; header_font=&#8220;Satoshi Bold||||||||&#8220; header_font_size=&#8220;48px&#8220; header_line_height=&#8220;1.2em&#8220; header_2_font=&#8220;Satoshi Bold||||||||&#8220; header_2_text_color=&#8220;#141414&#8243; header_2_font_size=&#8220;32px&#8220; header_2_line_height=&#8220;1.2em&#8220; header_3_font=&#8220;Satoshi Bold||||||||&#8220; header_3_text_color=&#8220;#141414&#8243; header_3_font_size=&#8220;24px&#8220; header_3_line_height=&#8220;1.3em&#8220; header_4_font=&#8220;Satoshi Bold||||||||&#8220; header_4_text_color=&#8220;#141414&#8243; header_4_font_size=&#8220;20px&#8220; header_4_line_height=&#8220;1.3em&#8220; custom_margin=&#8220;||0px||false|false&#8220; header_font_size_tablet=&#8220;56px&#8220; header_font_size_phone=&#8220;38px&#8220; header_font_size_last_edited=&#8220;on|desktop&#8220; header_2_font_size_tablet=&#8220;32px&#8220; header_2_font_size_phone=&#8220;26px&#8220; header_2_font_size_last_edited=&#8220;on|phone&#8220; header_3_font_size_tablet=&#8220;24px&#8220; header_3_font_size_phone=&#8220;24px&#8220; header_3_font_size_last_edited=&#8220;on|phone&#8220; header_4_font_size_tablet=&#8220;20px&#8220; header_4_font_size_phone=&#8220;20px&#8220; header_4_font_size_last_edited=&#8220;on|tablet&#8220; global_colors_info=&#8220;{}&#8220; header_2_text_align=&#8220;center&#8220;]<\/p>\n<h1>Anmelden zum nuwacom Newsletter<\/h1>\n<p>[\/et_pb_text][et_pb_text _builder_version=&#8220;4.27.4&#8243; _module_preset=&#8220;default&#8220; text_font_size=&#8220;20px&#8220; text_line_height=&#8220;1.4em&#8220; background_enable_color=&#8220;off&#8220; custom_margin=&#8220;0px||16px||false|false&#8220; custom_margin_tablet=&#8220;0px||16px||false|false&#8220; custom_margin_phone=&#8220;||0px||false|false&#8220; custom_margin_last_edited=&#8220;on|phone&#8220; custom_padding=&#8220;||||false|false&#8220; global_colors_info=&#8220;{}&#8220;]<\/p>\n<p>Entdecken Sie, wie nuwacom die Unternehmenskommunikation transformiert<\/p>\n<ul>\n<li>Produkt-Updates und exklusive Einblicke in unsere Roadmap<\/li>\n<li>Anwendungsf\u00e4lle &amp; Best Practices f\u00fcr nuwacom in der Praxis<\/li>\n<li>Webinare, Veranstaltungen und Expertentipps zu KI-gest\u00fctzter Kommunikation<\/li>\n<\/ul>\n<p><strong>Jetzt kostenlos abonnieren und kein Update mehr verpassen!<\/strong><\/p>\n<p>[\/et_pb_text][\/et_pb_column][et_pb_column type=&#8220;1_2&#8243; _builder_version=&#8220;4.27.4&#8243; _module_preset=&#8220;default&#8220; background_color=&#8220;#FFFFFF&#8220; custom_padding=&#8220;40px|40px|40px|40px|true|true&#8220; custom_padding_tablet=&#8220;40px|40px|40px|40px|true|true&#8220; custom_padding_phone=&#8220;20px|20px|20px|20px|true|true&#8220; custom_padding_last_edited=&#8220;on|phone&#8220; border_radii=&#8220;on|16px|16px|16px|16px&#8220; box_shadow_style=&#8220;preset1&#8243; box_shadow_vertical=&#8220;1px&#8220; box_shadow_color=&#8220;rgba(136,139,143,0.22)&#8220; global_colors_info=&#8220;{}&#8220;][et_pb_text content_tablet=&#8220;<\/p>\n<h2>Jetzt abonnieren!<\/h2>\n<p>&#8220; content_phone=&#8220;<\/p>\n<h2>Jetzt abonnieren!<\/h2>\n<p>&#8220; content_last_edited=&#8220;on|phone&#8220; _builder_version=&#8220;4.27.4&#8243; _module_preset=&#8220;default&#8220; text_font=&#8220;&#8211;et_global_heading_font||||||||&#8220; text_text_color=&#8220;#141414&#8243; text_font_size=&#8220;16px&#8220; header_font=&#8220;Satoshi Bold||||||||&#8220; header_2_font=&#8220;Satoshi Bold||||||||&#8220; header_2_text_align=&#8220;center&#8220; header_2_text_color=&#8220;#141414&#8243; header_3_font=&#8220;Satoshi Bold||||||||&#8220; header_3_text_color=&#8220;#141414&#8243; header_3_font_size=&#8220;24px&#8220; header_3_line_height=&#8220;1.3em&#8220; background_enable_color=&#8220;off&#8220; custom_margin=&#8220;||16px||false|false&#8220; custom_padding=&#8220;0px|20px|18px||false|false&#8220; header_3_font_size_tablet=&#8220;24px&#8220; header_3_font_size_phone=&#8220;24px&#8220; header_3_font_size_last_edited=&#8220;on|phone&#8220; border_color_all=&#8220;#F1F1F1&#8243; border_width_bottom=&#8220;1px&#8220; global_colors_info=&#8220;{}&#8220; header_font_size=&#8220;48px&#8220; header_font_size_tablet=&#8220;56px&#8220; header_font_size_phone=&#8220;38px&#8220; header_font_size_last_edited=&#8220;on|desktop&#8220; header_line_height=&#8220;1.2em&#8220; header_2_font_size=&#8220;32px&#8220; header_2_font_size_tablet=&#8220;32px&#8220; header_2_font_size_phone=&#8220;26px&#8220; header_2_font_size_last_edited=&#8220;on|phone&#8220; header_2_line_height=&#8220;1.2em&#8220; header_4_font=&#8220;Satoshi Bold||||||||&#8220; header_4_text_color=&#8220;#141414&#8243; header_4_font_size=&#8220;20px&#8220; header_4_font_size_tablet=&#8220;20px&#8220; header_4_font_size_phone=&#8220;20px&#8220; header_4_font_size_last_edited=&#8220;on|tablet&#8220; header_4_line_height=&#8220;1.3em&#8220;]<\/p>\n<h2 style=\"text-align: left;\">Jetzt abonnieren!<\/h2>\n<p><span>F\u00fcllen Sie das Formular aus \u2013 wir melden uns pers\u00f6nlich bei Ihnen.<\/span><\/p>\n<p>[\/et_pb_text][et_pb_code _builder_version=&#8220;4.27.4&#8243; _module_preset=&#8220;default&#8220; custom_margin=&#8220;40px||||false|false&#8220; global_colors_info=&#8220;{}&#8220;]    <script charset=\"utf-8\" type=\"text\/javascript\" src=\"\/\/js-eu1.hsforms.net\/forms\/embed\/v2.js\"><\/script>\n    <script>\n      hbspt.forms.create({\n        region: \"eu1\",\n        portalId: \"143947158\",\n        formId: \"8384af31-1361-4a34-af8a-bb8e55ecfefe\"\n      });\n    <\/script>\n    [\/et_pb_code][\/et_pb_column][\/et_pb_row][et_pb_row _builder_version=&#8220;4.27.4&#8243; _module_preset=&#8220;default&#8220; width=&#8220;90%&#8220; max_width=&#8220;1600px&#8220; custom_margin=&#8220;||0px||false|false&#8220; custom_padding=&#8220;||0px||false|false&#8220; locked=&#8220;off&#8220; global_colors_info=&#8220;{}&#8220;][et_pb_column type=&#8220;4_4&#8243; _builder_version=&#8220;4.27.4&#8243; _module_preset=&#8220;default&#8220; global_colors_info=&#8220;{}&#8220;][et_pb_text _builder_version=&#8220;4.27.4&#8243; _module_preset=&#8220;default&#8220; text_text_color=&#8220;rgba(20,20,20,0.6)&#8220; text_font_size=&#8220;16px&#8220; transform_scale_last_edited=&#8220;off|desktop&#8220; transform_translate_tablet=&#8220;0px|20px&#8220; transform_translate_phone=&#8220;0px|20px&#8220; transform_translate_last_edited=&#8220;off|desktop&#8220; transform_rotate_last_edited=&#8220;off|desktop&#8220; transform_skew_last_edited=&#8220;off|desktop&#8220; transform_origin_last_edited=&#8220;off|desktop&#8220; transform_styles_last_edited=&#8220;off|desktop&#8220; text_orientation=&#8220;center&#8220; custom_margin=&#8220;0px||0px||false|false&#8220; custom_margin_tablet=&#8220;54px||0px||false|false&#8220; custom_margin_phone=&#8220;24px||0px||false|false&#8220; custom_margin_last_edited=&#8220;on|phone&#8220; custom_padding=&#8220;||0px||false|false&#8220; text_font_size_tablet=&#8220;24px&#8220; text_font_size_phone=&#8220;16px&#8220; text_font_size_last_edited=&#8220;on|phone&#8220; global_colors_info=&#8220;{}&#8220;]<\/p>\n<p>F\u00fchrende Unternehmen vertrauen darauf, dass sie intelligenter arbeiten<\/p>\n<p>[\/et_pb_text][\/et_pb_column][\/et_pb_row][et_pb_row column_structure=&#8220;1_6,1_6,1_6,1_6,1_6,1_6&#8243; use_custom_gutter=&#8220;on&#8220; gutter_width=&#8220;2&#8243; make_equal=&#8220;on&#8220; _builder_version=&#8220;4.27.4&#8243; _module_preset=&#8220;default&#8220; transform_scale_last_edited=&#8220;off|desktop&#8220; transform_translate_tablet=&#8220;0px|0px&#8220; transform_translate_last_edited=&#8220;off|desktop&#8220; transform_rotate_last_edited=&#8220;off|desktop&#8220; transform_skew_last_edited=&#8220;off|desktop&#8220; transform_origin_last_edited=&#8220;off|desktop&#8220; transform_styles_last_edited=&#8220;off|desktop&#8220; width=&#8220;90%&#8220; max_width=&#8220;1200px&#8220; custom_margin=&#8220;||||false|false&#8220; custom_padding=&#8220;0px||0px||false|false&#8220; custom_css_main_element=&#8220;align-items:center;&#8220; locked=&#8220;off&#8220; global_colors_info=&#8220;{}&#8220;][et_pb_column type=&#8220;1_6&#8243; _builder_version=&#8220;4.27.4&#8243; _module_preset=&#8220;default&#8220; background_color=&#8220;#FFFFFF&#8220; custom_padding=&#8220;16px|16px|16px|16px|true|true&#8220; custom_padding_tablet=&#8220;16px|16px|0px|16px|false|true&#8220; custom_padding_phone=&#8220;||0px||false|true&#8220; custom_padding_last_edited=&#8220;on|phone&#8220; border_radii=&#8220;on|8px|8px|8px|8px&#8220; border_color_all=&#8220;#F1F1F1&#8243; global_colors_info=&#8220;{}&#8220;][et_pb_image src=&#8220;\/wp-content\/uploads\/\/2025\/09\/octapharma-color.svg&#8220; title_text=&#8220;octapharma color&#8220; align=&#8220;center&#8220; _builder_version=&#8220;4.27.4&#8243; _module_preset=&#8220;default&#8220; width_tablet=&#8220;63%&#8220; width_phone=&#8220;42%&#8220; width_last_edited=&#8220;on|phone&#8220; module_alignment=&#8220;center&#8220; min_height=&#8220;24px&#8220; global_colors_info=&#8220;{}&#8220;][\/et_pb_image][\/et_pb_column][et_pb_column type=&#8220;1_6&#8243; _builder_version=&#8220;4.27.4&#8243; _module_preset=&#8220;default&#8220; background_color=&#8220;#FFFFFF&#8220; custom_padding=&#8220;16px|16px|16px|16px|true|true&#8220; custom_padding_tablet=&#8220;16px|16px|0px|16px|false|true&#8220; custom_padding_phone=&#8220;||0px||false|true&#8220; custom_padding_last_edited=&#8220;on|phone&#8220; border_radii=&#8220;on|8px|8px|8px|8px&#8220; border_color_all=&#8220;#F1F1F1&#8243; global_colors_info=&#8220;{}&#8220;][et_pb_image src=&#8220;\/wp-content\/uploads\/\/2025\/09\/Lufthansa-color.svg&#8220; title_text=&#8220;Lufthansa color&#8220; align=&#8220;center&#8220; _builder_version=&#8220;4.27.4&#8243; _module_preset=&#8220;default&#8220; width_tablet=&#8220;63%&#8220; width_phone=&#8220;42%&#8220; width_last_edited=&#8220;on|phone&#8220; module_alignment=&#8220;center&#8220; min_height=&#8220;26px&#8220; global_colors_info=&#8220;{}&#8220;][\/et_pb_image][\/et_pb_column][et_pb_column type=&#8220;1_6&#8243; _builder_version=&#8220;4.27.4&#8243; _module_preset=&#8220;default&#8220; background_color=&#8220;#FFFFFF&#8220; custom_padding=&#8220;16px|16px|16px|16px|true|true&#8220; custom_padding_tablet=&#8220;16px|16px|0px|16px|false|true&#8220; custom_padding_phone=&#8220;||0px||false|true&#8220; custom_padding_last_edited=&#8220;on|phone&#8220; border_radii=&#8220;on|8px|8px|8px|8px&#8220; border_color_all=&#8220;#F1F1F1&#8243; global_colors_info=&#8220;{}&#8220;][et_pb_image src=&#8220;\/wp-content\/uploads\/2025\/09\/vodafone-color.svg&#8220; title_text=&#8220;vodafone color&#8220; align=&#8220;center&#8220; _builder_version=&#8220;4.27.4&#8243; _module_preset=&#8220;default&#8220; width_tablet=&#8220;63%&#8220; width_phone=&#8220;42%&#8220; width_last_edited=&#8220;on|phone&#8220; module_alignment=&#8220;center&#8220; min_height=&#8220;30px&#8220; global_colors_info=&#8220;{}&#8220;][\/et_pb_image][\/et_pb_column][et_pb_column type=&#8220;1_6&#8243; _builder_version=&#8220;4.27.4&#8243; _module_preset=&#8220;default&#8220; background_color=&#8220;#FFFFFF&#8220; custom_padding=&#8220;16px|16px|16px|16px|true|true&#8220; custom_padding_tablet=&#8220;16px|16px|0px|16px|false|true&#8220; custom_padding_phone=&#8220;||0px||false|true&#8220; custom_padding_last_edited=&#8220;on|phone&#8220; border_radii=&#8220;on|8px|8px|8px|8px&#8220; border_color_all=&#8220;#F1F1F1&#8243; global_colors_info=&#8220;{}&#8220;][et_pb_image src=&#8220;\/wp-content\/uploads\/\/2025\/09\/Debeka-color.svg&#8220; title_text=&#8220;Debeka color&#8220; align=&#8220;center&#8220; _builder_version=&#8220;4.27.4&#8243; _module_preset=&#8220;default&#8220; width_tablet=&#8220;63%&#8220; width_phone=&#8220;42%&#8220; width_last_edited=&#8220;on|phone&#8220; module_alignment=&#8220;center&#8220; min_height=&#8220;28px&#8220; global_colors_info=&#8220;{}&#8220;][\/et_pb_image][\/et_pb_column][et_pb_column type=&#8220;1_6&#8243; _builder_version=&#8220;4.27.4&#8243; _module_preset=&#8220;default&#8220; background_color=&#8220;#FFFFFF&#8220; custom_padding=&#8220;16px|16px|16px|16px|true|true&#8220; custom_padding_tablet=&#8220;16px|16px|0px|16px|false|true&#8220; custom_padding_phone=&#8220;||0px||false|true&#8220; custom_padding_last_edited=&#8220;on|phone&#8220; border_radii=&#8220;on|8px|8px|8px|8px&#8220; border_color_all=&#8220;#F1F1F1&#8243; global_colors_info=&#8220;{}&#8220;][et_pb_image src=&#8220;\/wp-content\/uploads\/\/2025\/09\/Forvia-color.svg&#8220; title_text=&#8220;Forvia color&#8220; align=&#8220;center&#8220; _builder_version=&#8220;4.27.4&#8243; _module_preset=&#8220;default&#8220; width_tablet=&#8220;63%&#8220; width_phone=&#8220;42%&#8220; width_last_edited=&#8220;on|phone&#8220; module_alignment=&#8220;center&#8220; min_height=&#8220;20px&#8220; global_colors_info=&#8220;{}&#8220;][\/et_pb_image][\/et_pb_column][et_pb_column type=&#8220;1_6&#8243; _builder_version=&#8220;4.27.4&#8243; _module_preset=&#8220;default&#8220; background_color=&#8220;#FFFFFF&#8220; custom_padding=&#8220;16px|16px|16px|16px|true|true&#8220; custom_padding_tablet=&#8220;16px|16px|0px|16px|false|true&#8220; custom_padding_phone=&#8220;||0px||false|true&#8220; custom_padding_last_edited=&#8220;on|phone&#8220; border_radii=&#8220;on|8px|8px|8px|8px&#8220; border_color_all=&#8220;#F1F1F1&#8243; global_colors_info=&#8220;{}&#8220;][et_pb_image src=&#8220;\/wp-content\/uploads\/\/2025\/09\/BLG-Logistics-color.svg&#8220; title_text=&#8220;BLG Logistics color&#8220; align=&#8220;center&#8220; _builder_version=&#8220;4.27.4&#8243; _module_preset=&#8220;default&#8220; width_tablet=&#8220;63%&#8220; width_phone=&#8220;42%&#8220; width_last_edited=&#8220;on|phone&#8220; module_alignment=&#8220;center&#8220; min_height=&#8220;28px&#8220; global_colors_info=&#8220;{}&#8220;][\/et_pb_image][\/et_pb_column][\/et_pb_row][\/et_pb_section]<\/p>\n","protected":false},"excerpt":{"rendered":"<p>Anmelden zum nuwacom NewsletterEntdecken Sie, wie nuwacom die Unternehmenskommunikation transformiert Produkt-Updates und exklusive Einblicke in unsere Roadmap Anwendungsf\u00e4lle &amp; Best Practices f\u00fcr nuwacom in der Praxis Webinare, Veranstaltungen und Expertentipps zu KI-gest\u00fctzter Kommunikation Jetzt kostenlos abonnieren und kein Update mehr verpassen!Jetzt abonnieren! F\u00fcllen Sie das Formular aus \u2013 wir melden uns pers\u00f6nlich bei Ihnen.    <script charset=\"utf-8\" type=\"text\/javascript\" src=\"\/\/js-eu1.hsforms.net\/forms\/embed\/v2.js\"><\/script>\n    <script>\n      hbspt.forms.create({\n        region: \"eu1\",\n        portalId: \"\",\n        formId: \"&#8220;8384af31-1361-4a34-af8a-bb8e55ecfefe&#8220;\"\n      });\n    <\/script>\n    <\/p>\n","protected":false},"author":2,"featured_media":0,"parent":0,"menu_order":0,"comment_status":"closed","ping_status":"closed","template":"","meta":{"_acf_changed":false,"_et_pb_use_builder":"on","_et_pb_old_content":"","_et_gb_content_width":"","content-type":"","inline_featured_image":false,"footnotes":""},"dipi_cpt_category":[],"class_list":["post-7781","page","type-page","status-publish","hentry"],"acf":[],"yoast_head":"<!-- This site is optimized with the Yoast SEO plugin v26.9 - https:\/\/yoast.com\/product\/yoast-seo-wordpress\/ -->\n<title>Newsletter - nuwacom.ai<\/title>\n<meta name=\"robots\" content=\"noindex, nofollow\" \/>\n<meta property=\"og:locale\" content=\"de_DE\" \/>\n<meta property=\"og:type\" content=\"article\" \/>\n<meta property=\"og:title\" content=\"Newsletter - nuwacom.ai\" \/>\n<meta property=\"og:description\" content=\"Anmelden zum nuwacom NewsletterEntdecken Sie, wie nuwacom die Unternehmenskommunikation transformiert Produkt-Updates und exklusive Einblicke in unsere Roadmap Anwendungsf\u00e4lle &amp; Best Practices f\u00fcr nuwacom in der Praxis Webinare, Veranstaltungen und Expertentipps zu KI-gest\u00fctzter Kommunikation Jetzt kostenlos abonnieren und kein Update mehr verpassen!Jetzt abonnieren! F\u00fcllen Sie das Formular aus \u2013 wir melden uns pers\u00f6nlich bei Ihnen.\" \/>\n<meta property=\"og:url\" content=\"https:\/\/www.nuwacom.ai\/de\/newsletter\/\" \/>\n<meta property=\"og:site_name\" content=\"nuwacom.ai\" \/>\n<meta property=\"article:modified_time\" content=\"2025-11-05T15:28:26+00:00\" \/>\n<meta name=\"twitter:card\" content=\"summary_large_image\" \/>\n<meta name=\"twitter:label1\" content=\"Gesch\u00e4tzte Lesezeit\" \/>\n\t<meta name=\"twitter:data1\" content=\"8\u00a0Minuten\" \/>\n<script type=\"application\/ld+json\" class=\"yoast-schema-graph\">{\"@context\":\"https:\/\/schema.org\",\"@graph\":[{\"@type\":\"WebPage\",\"@id\":\"https:\/\/www.nuwacom.ai\/de\/newsletter\/\",\"url\":\"https:\/\/www.nuwacom.ai\/de\/newsletter\/\",\"name\":\"Newsletter - nuwacom.ai\",\"isPartOf\":{\"@id\":\"https:\/\/www.nuwacom.ai\/de\/#website\"},\"datePublished\":\"2025-05-16T08:37:42+00:00\",\"dateModified\":\"2025-11-05T15:28:26+00:00\",\"breadcrumb\":{\"@id\":\"https:\/\/www.nuwacom.ai\/de\/newsletter\/#breadcrumb\"},\"inLanguage\":\"de\",\"potentialAction\":[{\"@type\":\"ReadAction\",\"target\":[\"https:\/\/www.nuwacom.ai\/de\/newsletter\/\"]}]},{\"@type\":\"BreadcrumbList\",\"@id\":\"https:\/\/www.nuwacom.ai\/de\/newsletter\/#breadcrumb\",\"itemListElement\":[{\"@type\":\"ListItem\",\"position\":1,\"name\":\"Startseite\",\"item\":\"https:\/\/nuwacom.ai\/de\/\"},{\"@type\":\"ListItem\",\"position\":2,\"name\":\"Newsletter\"}]},{\"@type\":\"WebSite\",\"@id\":\"https:\/\/www.nuwacom.ai\/de\/#website\",\"url\":\"https:\/\/www.nuwacom.ai\/de\/\",\"name\":\"nuwacom.ai\",\"description\":\"\",\"publisher\":{\"@id\":\"https:\/\/www.nuwacom.ai\/de\/#organization\"},\"potentialAction\":[{\"@type\":\"SearchAction\",\"target\":{\"@type\":\"EntryPoint\",\"urlTemplate\":\"https:\/\/www.nuwacom.ai\/de\/?s={search_term_string}\"},\"query-input\":{\"@type\":\"PropertyValueSpecification\",\"valueRequired\":true,\"valueName\":\"search_term_string\"}}],\"inLanguage\":\"de\"},{\"@type\":\"Organization\",\"@id\":\"https:\/\/www.nuwacom.ai\/de\/#organization\",\"name\":\"nuwacom.ai\",\"url\":\"https:\/\/www.nuwacom.ai\/de\/\",\"logo\":{\"@type\":\"ImageObject\",\"inLanguage\":\"de\",\"@id\":\"https:\/\/www.nuwacom.ai\/de\/#\/schema\/logo\/image\/\",\"url\":\"\/wp-content\/uploads\/2025\/10\/Logo_color.svg\",\"contentUrl\":\"\/wp-content\/uploads\/2025\/10\/Logo_color.svg\",\"width\":280,\"height\":40,\"caption\":\"nuwacom.ai\"},\"image\":{\"@id\":\"https:\/\/www.nuwacom.ai\/de\/#\/schema\/logo\/image\/\"},\"sameAs\":[\"https:\/\/www.instagram.com\/mumpfy\/\"]}]}<\/script>\n<!-- \/ Yoast SEO plugin. -->","yoast_head_json":{"title":"Newsletter - nuwacom.ai","robots":{"index":"noindex","follow":"nofollow"},"og_locale":"de_DE","og_type":"article","og_title":"Newsletter - nuwacom.ai","og_description":"Anmelden zum nuwacom NewsletterEntdecken Sie, wie nuwacom die Unternehmenskommunikation transformiert Produkt-Updates und exklusive Einblicke in unsere Roadmap Anwendungsf\u00e4lle &amp; Best Practices f\u00fcr nuwacom in der Praxis Webinare, Veranstaltungen und Expertentipps zu KI-gest\u00fctzter Kommunikation Jetzt kostenlos abonnieren und kein Update mehr verpassen!Jetzt abonnieren! F\u00fcllen Sie das Formular aus \u2013 wir melden uns pers\u00f6nlich bei Ihnen.","og_url":"https:\/\/www.nuwacom.ai\/de\/newsletter\/","og_site_name":"nuwacom.ai","article_modified_time":"2025-11-05T15:28:26+00:00","twitter_card":"summary_large_image","twitter_misc":{"Gesch\u00e4tzte Lesezeit":"8\u00a0Minuten"},"schema":{"@context":"https:\/\/schema.org","@graph":[{"@type":"WebPage","@id":"https:\/\/www.nuwacom.ai\/de\/newsletter\/","url":"https:\/\/www.nuwacom.ai\/de\/newsletter\/","name":"Newsletter - nuwacom.ai","isPartOf":{"@id":"https:\/\/www.nuwacom.ai\/de\/#website"},"datePublished":"2025-05-16T08:37:42+00:00","dateModified":"2025-11-05T15:28:26+00:00","breadcrumb":{"@id":"https:\/\/www.nuwacom.ai\/de\/newsletter\/#breadcrumb"},"inLanguage":"de","potentialAction":[{"@type":"ReadAction","target":["https:\/\/www.nuwacom.ai\/de\/newsletter\/"]}]},{"@type":"BreadcrumbList","@id":"https:\/\/www.nuwacom.ai\/de\/newsletter\/#breadcrumb","itemListElement":[{"@type":"ListItem","position":1,"name":"Startseite","item":"https:\/\/nuwacom.ai\/de\/"},{"@type":"ListItem","position":2,"name":"Newsletter"}]},{"@type":"WebSite","@id":"https:\/\/www.nuwacom.ai\/de\/#website","url":"https:\/\/www.nuwacom.ai\/de\/","name":"nuwacom.ai","description":"","publisher":{"@id":"https:\/\/www.nuwacom.ai\/de\/#organization"},"potentialAction":[{"@type":"SearchAction","target":{"@type":"EntryPoint","urlTemplate":"https:\/\/www.nuwacom.ai\/de\/?s={search_term_string}"},"query-input":{"@type":"PropertyValueSpecification","valueRequired":true,"valueName":"search_term_string"}}],"inLanguage":"de"},{"@type":"Organization","@id":"https:\/\/www.nuwacom.ai\/de\/#organization","name":"nuwacom.ai","url":"https:\/\/www.nuwacom.ai\/de\/","logo":{"@type":"ImageObject","inLanguage":"de","@id":"https:\/\/www.nuwacom.ai\/de\/#\/schema\/logo\/image\/","url":"\/wp-content\/uploads\/2025\/10\/Logo_color.svg","contentUrl":"\/wp-content\/uploads\/2025\/10\/Logo_color.svg","width":280,"height":40,"caption":"nuwacom.ai"},"image":{"@id":"https:\/\/www.nuwacom.ai\/de\/#\/schema\/logo\/image\/"},"sameAs":["https:\/\/www.instagram.com\/mumpfy\/"]}]}},"_links":{"self":[{"href":"https:\/\/www.nuwacom.ai\/de\/wp-json\/wp\/v2\/pages\/7781","targetHints":{"allow":["GET"]}}],"collection":[{"href":"https:\/\/www.nuwacom.ai\/de\/wp-json\/wp\/v2\/pages"}],"about":[{"href":"https:\/\/www.nuwacom.ai\/de\/wp-json\/wp\/v2\/types\/page"}],"author":[{"embeddable":true,"href":"https:\/\/www.nuwacom.ai\/de\/wp-json\/wp\/v2\/users\/2"}],"replies":[{"embeddable":true,"href":"https:\/\/www.nuwacom.ai\/de\/wp-json\/wp\/v2\/comments?post=7781"}],"version-history":[{"count":0,"href":"https:\/\/www.nuwacom.ai\/de\/wp-json\/wp\/v2\/pages\/7781\/revisions"}],"wp:attachment":[{"href":"https:\/\/www.nuwacom.ai\/de\/wp-json\/wp\/v2\/media?parent=7781"}],"wp:term":[{"taxonomy":"dipi_cpt_category","embeddable":true,"href":"https:\/\/www.nuwacom.ai\/de\/wp-json\/wp\/v2\/dipi_cpt_category?post=7781"}],"curies":[{"name":"wp","href":"https:\/\/api.w.org\/{rel}","templated":true}]}}